{"id":398,"date":"2023-04-29T13:04:15","date_gmt":"2023-04-29T11:04:15","guid":{"rendered":"http:\/\/juntsxbescano.cat\/?page_id=398"},"modified":"2023-10-03T18:37:53","modified_gmt":"2023-10-03T16:37:53","slug":"inici","status":"publish","type":"page","link":"https:\/\/juntsxbescano.cat\/","title":{"rendered":"Inici"},"content":{"rendered":"<p>[et_pb_section fb_built=\u00bb1&#8243; admin_label=\u00bbHeader\u00bb _builder_version=\u00bb4.18.0&#8243; _module_preset=\u00bbdefault\u00bb use_background_color_gradient=\u00bbon\u00bb background_color_gradient_direction=\u00bb90deg\u00bb background_color_gradient_stops=\u00bb#000000 0%|rgba(0,0,0,0) 100%\u00bb background_color_gradient_overlays_image=\u00bbon\u00bb background_color_gradient_start=\u00bb#292929&#8243; background_color_gradient_start_position=\u00bb25%\u00bb background_color_gradient_end=\u00bbrgba(0,0,0,0)\u00bb background_image=\u00bbhttp:\/\/juntsxbescano.cat\/wp-content\/uploads\/2019\/02\/20140405_112029.jpg\u00bb custom_padding=\u00bb75px||75px||true|false\u00bb global_colors_info=\u00bb{}\u00bb][et_pb_row _builder_version=\u00bb4.18.0&#8243; _module_preset=\u00bbdefault\u00bb global_colors_info=\u00bb{}\u00bb][et_pb_column type=\u00bb4_4&#8243; _builder_version=\u00bb4.18.0&#8243; _module_preset=\u00bbdefault\u00bb global_colors_info=\u00bb{}\u00bb][et_pb_text _builder_version=\u00bb4.21.0&#8243; _module_preset=\u00bb53fac924-1644-4f70-a8a0-435df3cf1c52&#8243; text_font=\u00bbBakbak One|700|||||||\u00bb header_font=\u00bbABeeZee|600|||||||\u00bb header_text_color=\u00bb#FFFFFF\u00bb header_font_size=\u00bb82px\u00bb header_line_height=\u00bb1.1em\u00bb max_width=\u00bb871px\u00bb module_alignment=\u00bbleft\u00bb custom_padding=\u00bb|0px|||false|false\u00bb header_font_size_tablet=\u00bb76px\u00bb header_font_size_phone=\u00bb42px\u00bb header_font_size_last_edited=\u00bbon|phone\u00bb locked=\u00bboff\u00bb inline_fonts=\u00bbBakbak One\u00bb global_colors_info=\u00bb{}\u00bb]<\/p>\n<h1><span style=\"font-family: 'Bakbak One';\"><strong>FEM POBLE,<\/strong><\/span><\/h1>\n<h1><span style=\"font-family: 'Bakbak One';\"><strong>FEM-HO JUNTS!<\/strong><\/span><\/h1>\n<p>[\/et_pb_text][\/et_pb_column][\/et_pb_row][et_pb_row use_custom_gutter=\u00bbon\u00bb gutter_width=\u00bb1&#8243; _builder_version=\u00bb4.21.0&#8243; _module_preset=\u00bbdefault\u00bb custom_padding=\u00bb||0px||false|false\u00bb global_colors_info=\u00bb{}\u00bb][et_pb_column type=\u00bb4_4&#8243; _builder_version=\u00bb4.21.0&#8243; _module_preset=\u00bbdefault\u00bb global_colors_info=\u00bb{}\u00bb][et_pb_button button_url=\u00bbhttps:\/\/drive.google.com\/file\/d\/1_agDTh-l_bPzgah20t7ppju48WsFQDXk\/view?usp=sharing\u00bb url_new_window=\u00bbon\u00bb button_text=\u00bbDESCARREGA&#8217;T EL PROGRAMA ELECTORAL\u00bb button_alignment=\u00bbleft\u00bb _builder_version=\u00bb4.21.0&#8243; _module_preset=\u00bbf05bba5e-c4ed-4d16-99f6-de883c2b94d5&#8243; custom_button=\u00bbon\u00bb button_text_size=\u00bb14px\u00bb button_text_color=\u00bb#FFFFFF\u00bb button_bg_color=\u00bb#00c4b3&#8243; button_border_width=\u00bb0px\u00bb button_border_radius=\u00bb0px\u00bb button_font=\u00bb|700|||||||\u00bb custom_margin=\u00bb||33px||false|false\u00bb custom_padding=\u00bb22px|20px|22px|20px|true|true\u00bb custom_padding_tablet=\u00bb40px||40px||true|true\u00bb custom_padding_last_edited=\u00bboff|phone\u00bb locked=\u00bboff\u00bb global_colors_info=\u00bb{}\u00bb][\/et_pb_button][\/et_pb_column][\/et_pb_row][\/et_pb_section][et_pb_section fb_built=\u00bb1&#8243; admin_label=\u00bbcomquedem\u00bb _builder_version=\u00bb4.21.0&#8243; _module_preset=\u00bbdefault\u00bb custom_padding=\u00bb||14px||false|false\u00bb global_colors_info=\u00bb{}\u00bb][et_pb_row _builder_version=\u00bb4.16&#8243; _module_preset=\u00bbdefault\u00bb global_colors_info=\u00bb{}\u00bb][et_pb_column type=\u00bb4_4&#8243; _builder_version=\u00bb4.16&#8243; _module_preset=\u00bbdefault\u00bb global_colors_info=\u00bb{}\u00bb][et_pb_text _builder_version=\u00bb4.16&#8243; _module_preset=\u00bbbc6cae60-9fd0-48b3-a032-f2876734c2dd\u00bb text_font=\u00bb||||||||\u00bb text_font_size=\u00bb18px\u00bb text_line_height=\u00bb1.8em\u00bb text_orientation=\u00bbcenter\u00bb text_font_size_tablet=\u00bb16px\u00bb text_font_size_phone=\u00bb14px\u00bb text_font_size_last_edited=\u00bbon|phone\u00bb locked=\u00bboff\u00bb global_colors_info=\u00bb{}\u00bb]<\/p>\n<p>L&#8217;equip de<strong> Junts per Bescan\u00f3<\/strong> ens agradar\u00eda poder con\u00e8ixer les teves propostes i inquietuds per incorporar-les al programa electoral que estem preparant amb la voluntat de millorar el nostre municipi.<\/p>\n<p>Teniu diferents formes per poder contactar i fer-nos arribar les propostes:<\/p>\n<p>[\/et_pb_text][\/et_pb_column][\/et_pb_row][\/et_pb_section][et_pb_section fb_built=\u00bb1&#8243; admin_label=\u00bbServices\u00bb module_id=\u00bbcomquedem\u00bb _builder_version=\u00bb4.21.0&#8243; _module_preset=\u00bbdefault\u00bb background_enable_color=\u00bboff\u00bb custom_margin=\u00bb-32px||-1px||false|false\u00bb custom_padding=\u00bb0px||33px||false|false\u00bb global_colors_info=\u00bb{}\u00bb][et_pb_row column_structure=\u00bb1_3,1_3,1_3&#8243; _builder_version=\u00bb4.18.0&#8243; _module_preset=\u00bbdefault\u00bb custom_margin=\u00bb0px||0px||false|false\u00bb global_colors_info=\u00bb{}\u00bb][et_pb_column type=\u00bb1_3&#8243; _builder_version=\u00bb4.16&#8243; _module_preset=\u00bbdefault\u00bb global_colors_info=\u00bb{}\u00bb][et_pb_blurb title=\u00bbVols fer un caf\u00e8?\u00bb use_icon=\u00bbon\u00bb font_icon=\u00bb&#xf0f4;||fa||900&#8243; image_icon_width=\u00bb57px\u00bb _builder_version=\u00bb4.18.0&#8243; _module_preset=\u00bb4b92905e-9236-4a4d-b1eb-2bf004827169&#8243; header_font=\u00bb|700|||||||\u00bb header_text_align=\u00bbcenter\u00bb header_text_color=\u00bb#000000&#8243; header_line_height=\u00bb1.1em\u00bb body_font_size=\u00bb12px\u00bb body_line_height=\u00bb1.8em\u00bb background_color=\u00bb#ffffff\u00bb custom_padding=\u00bb40px|40px|40px|40px|false|true\u00bb custom_padding_tablet=\u00bb30px|30px|30px|30px|true|true\u00bb custom_padding_phone=\u00bb20px|20px|20px|20px|true|true\u00bb custom_padding_last_edited=\u00bbon|phone\u00bb animation=\u00bboff\u00bb box_shadow_style=\u00bbpreset3&#8243; box_shadow_vertical=\u00bb30px\u00bb box_shadow_blur=\u00bb60px\u00bb box_shadow_spread=\u00bb0px\u00bb box_shadow_color=\u00bbrgba(53,66,85,0.1)\u00bb locked=\u00bboff\u00bb global_colors_info=\u00bb{}\u00bb icon_color__hover=\u00bb#FFFFFF\u00bb icon_color__hover_enabled=\u00bbon|hover\u00bb header_text_color__hover=\u00bb#FFFFFF\u00bb header_text_color__hover_enabled=\u00bbon|desktop\u00bb background_color__hover=\u00bb#1D1D25&#8243; background__hover_enabled=\u00bbon|hover\u00bb body_text_color__hover=\u00bb#FFFFFF\u00bb body_text_color__hover_enabled=\u00bbon|hover\u00bb background_enable_color__hover=\u00bbon\u00bb]<\/p>\n<p style=\"text-align: center;\">Pots fer un caf\u00e8 amb la <strong>Nuri Badosa<\/strong><a href=\"#\"><\/a><\/p>\n<p style=\"text-align: center;\">La pots trucar o enviar un Whatsapp al<\/p>\n<p style=\"text-align: center;\"><strong>772 85 83 49<\/strong><\/p>\n<p>[\/et_pb_blurb][\/et_pb_column][et_pb_column type=\u00bb1_3&#8243; _builder_version=\u00bb4.16&#8243; _module_preset=\u00bbdefault\u00bb global_colors_info=\u00bb{}\u00bb][et_pb_blurb title=\u00bbEnvia&#8217;ns un correu\u00bb use_icon=\u00bbon\u00bb font_icon=\u00bb&#xe076;||divi||400&#8243; image_icon_width=\u00bb57px\u00bb _builder_version=\u00bb4.18.0&#8243; _module_preset=\u00bb4b92905e-9236-4a4d-b1eb-2bf004827169&#8243; header_font=\u00bb|700|||||||\u00bb header_text_align=\u00bbcenter\u00bb header_text_color=\u00bb#000000&#8243; header_line_height=\u00bb1.1em\u00bb body_font_size=\u00bb12px\u00bb body_line_height=\u00bb1.8em\u00bb background_color=\u00bb#FFFFFF\u00bb text_orientation=\u00bbcenter\u00bb custom_padding=\u00bb40px|40px|40px|40px|false|true\u00bb custom_padding_tablet=\u00bb30px|30px|30px|30px|true|true\u00bb custom_padding_phone=\u00bb20px|20px|20px|20px|true|true\u00bb custom_padding_last_edited=\u00bbon|phone\u00bb animation=\u00bboff\u00bb box_shadow_style=\u00bbpreset3&#8243; box_shadow_vertical=\u00bb30px\u00bb box_shadow_blur=\u00bb60px\u00bb box_shadow_spread=\u00bb0px\u00bb box_shadow_color=\u00bbrgba(53,66,85,0.1)\u00bb locked=\u00bboff\u00bb global_colors_info=\u00bb{}\u00bb icon_color__hover=\u00bb#FFFFFF\u00bb icon_color__hover_enabled=\u00bbon|hover\u00bb header_text_color__hover=\u00bb#FFFFFF\u00bb header_text_color__hover_enabled=\u00bbon|desktop\u00bb background_color__hover=\u00bb#1D1D25&#8243; body_text_color__hover=\u00bb#FFFFFF\u00bb body_text_color__hover_enabled=\u00bbon|hover\u00bb background_enable_color__hover=\u00bbon\u00bb background__hover_enabled=\u00bbon|hover\u00bb]<\/p>\n<p>La nostre adre\u00e7a \u00e9s<a href=\"#\"><\/a><\/p>\n<p><a href=\"mailto:contacte@juntsxbescano.cat\" target=\"_blank\" rel=\"noopener\">contacte@juntsxbescano.cat<\/a><\/p>\n<p>&nbsp;<\/p>\n<p>[\/et_pb_blurb][\/et_pb_column][et_pb_column type=\u00bb1_3&#8243; _builder_version=\u00bb4.16&#8243; _module_preset=\u00bbdefault\u00bb global_colors_info=\u00bb{}\u00bb][et_pb_blurb title=\u00bbFormulari\u00bb use_icon=\u00bbon\u00bb font_icon=\u00bb&#x77;||divi||400&#8243; image_icon_width=\u00bb57px\u00bb _builder_version=\u00bb4.18.0&#8243; _module_preset=\u00bb4b92905e-9236-4a4d-b1eb-2bf004827169&#8243; header_font=\u00bb|700|||||||\u00bb header_text_align=\u00bbcenter\u00bb header_text_color=\u00bb#000000&#8243; header_line_height=\u00bb1.1em\u00bb body_font_size=\u00bb12px\u00bb body_line_height=\u00bb1.8em\u00bb background_color=\u00bb#FFFFFF\u00bb custom_padding=\u00bb40px|40px|40px|40px|false|true\u00bb custom_padding_tablet=\u00bb30px|30px|30px|30px|true|true\u00bb custom_padding_phone=\u00bb20px|20px|20px|20px|true|true\u00bb custom_padding_last_edited=\u00bbon|phone\u00bb animation=\u00bboff\u00bb box_shadow_style=\u00bbpreset3&#8243; box_shadow_vertical=\u00bb30px\u00bb box_shadow_blur=\u00bb60px\u00bb box_shadow_spread=\u00bb0px\u00bb box_shadow_color=\u00bbrgba(53,66,85,0.1)\u00bb locked=\u00bboff\u00bb global_colors_info=\u00bb{}\u00bb icon_color__hover=\u00bb#FFFFFF\u00bb icon_color__hover_enabled=\u00bbon|hover\u00bb header_text_color__hover=\u00bb#FFFFFF\u00bb header_text_color__hover_enabled=\u00bbon|desktop\u00bb background_color__hover=\u00bb#1D1D25&#8243; body_text_color__hover=\u00bb#FFFFFF\u00bb body_text_color__hover_enabled=\u00bbon|hover\u00bb background_enable_color__hover=\u00bbon\u00bb background__hover_enabled=\u00bbon|hover\u00bb]<\/p>\n<p>Sempre pots fer servir el nostre <strong>formulari web<\/strong> per contactar amb nosaltres.<a href=\"#\"><\/a><\/p>\n<p>&nbsp;<\/p>\n<p>[\/et_pb_blurb][\/et_pb_column][\/et_pb_row][\/et_pb_section][et_pb_section fb_built=\u00bb1&#8243; admin_label=\u00bbcontacte\u00bb module_id=\u00bbcontacte\u00bb _builder_version=\u00bb4.21.0&#8243; _module_preset=\u00bbdefault\u00bb background_enable_color=\u00bboff\u00bb use_background_color_gradient=\u00bbon\u00bb background_color_gradient_stops=\u00bb#000000 0%|rgba(255,255,255,0) 100%\u00bb background_color_gradient_overlays_image=\u00bbon\u00bb background_image=\u00bbhttp:\/\/juntsxbescano.cat\/wp-content\/uploads\/2023\/05\/1681162475817-1-scaled.jpg\u00bb custom_padding=\u00bb|0px|||false|false\u00bb global_colors_info=\u00bb{}\u00bb][et_pb_row column_structure=\u00bb1_2,1_2&#8243; _builder_version=\u00bb4.21.0&#8243; _module_preset=\u00bbdefault\u00bb global_colors_info=\u00bb{}\u00bb][et_pb_column type=\u00bb1_2&#8243; _builder_version=\u00bb4.21.0&#8243; _module_preset=\u00bbdefault\u00bb global_colors_info=\u00bb{}\u00bb][et_pb_text _builder_version=\u00bb4.16&#8243; _module_preset=\u00bb003e9429-8e11-4d9e-968b-8881092bbf81&#8243; header_2_font=\u00bbOutfit|600|||||||\u00bb header_2_text_color=\u00bb#FFFFFF\u00bb header_2_font_size=\u00bb48px\u00bb header_2_line_height=\u00bb1.1em\u00bb custom_margin=\u00bb||0px||false|false\u00bb header_2_font_size_tablet=\u00bb32px\u00bb header_2_font_size_phone=\u00bb20px\u00bb header_2_font_size_last_edited=\u00bbon|desktop\u00bb header_2_line_height_tablet=\u00bb1.2em\u00bb header_2_line_height_phone=\u00bb\u00bb header_2_line_height_last_edited=\u00bbon|phone\u00bb locked=\u00bboff\u00bb global_colors_info=\u00bb{}\u00bb]<\/p>\n<h2>US VOLEM ESCOLTAR<\/h2>\n<p>[\/et_pb_text][\/et_pb_column][et_pb_column type=\u00bb1_2&#8243; _builder_version=\u00bb4.21.0&#8243; _module_preset=\u00bbdefault\u00bb background_color=\u00bb#FFFFFF\u00bb custom_padding=\u00bb|31px||31px|false|true\u00bb box_shadow_style=\u00bbpreset2&#8243; global_colors_info=\u00bb{}\u00bb][et_pb_text _builder_version=\u00bb4.21.0&#8243; _module_preset=\u00bbdefault\u00bb text_font=\u00bb||||||||\u00bb text_text_color=\u00bb#FFFFFF\u00bb text_font_size=\u00bb20px\u00bb background_color=\u00bb#00c4b3&#8243; text_orientation=\u00bbcenter\u00bb custom_margin=\u00bb-15px||-3px||false|false\u00bb border_width_all=\u00bb17px\u00bb border_color_all=\u00bb#00c4b3&#8243; box_shadow_style=\u00bbpreset2&#8243; box_shadow_blur=\u00bb12px\u00bb box_shadow_spread=\u00bb-4px\u00bb box_shadow_color=\u00bb#00c4b3&#8243; global_colors_info=\u00bb{}\u00bb]<\/p>\n<p>Contacte amb nosaltres<\/p>\n<p>[\/et_pb_text][wpforms_selector form_id=\u00bb78&#8243; show_title=\u00bboff\u00bb show_desc=\u00bboff\u00bb _builder_version=\u00bb4.21.0&#8243; _module_preset=\u00bbdefault\u00bb global_colors_info=\u00bb{}\u00bb][\/wpforms_selector][\/et_pb_column][\/et_pb_row][\/et_pb_section][et_pb_section fb_built=\u00bb1&#8243; admin_label=\u00bbFooter\u00bb _builder_version=\u00bb4.16&#8243; _module_preset=\u00bbdefault\u00bb saved_tabs=\u00bball\u00bb locked=\u00bboff\u00bb global_colors_info=\u00bb{}\u00bb][et_pb_row column_structure=\u00bb1_2,1_2&#8243; _builder_version=\u00bb4.18.0&#8243; _module_preset=\u00bbdefault\u00bb global_colors_info=\u00bb{}\u00bb][et_pb_column type=\u00bb1_2&#8243; _builder_version=\u00bb4.18.0&#8243; _module_preset=\u00bbdefault\u00bb global_colors_info=\u00bb{}\u00bb][et_pb_text _builder_version=\u00bb4.18.0&#8243; _module_preset=\u00bbdefault\u00bb global_colors_info=\u00bb{}\u00bb]<\/p>\n<h3 style=\"text-align: right;\"><em><strong>Segueix-nos a xarxes socials!<\/strong><\/em><\/h3>\n<p>[\/et_pb_text][\/et_pb_column][et_pb_column type=\u00bb1_2&#8243; _builder_version=\u00bb4.18.0&#8243; _module_preset=\u00bbdefault\u00bb global_colors_info=\u00bb{}\u00bb][et_pb_social_media_follow icon_color=\u00bb#ffffff\u00bb _builder_version=\u00bb4.21.0&#8243; _module_preset=\u00bbdefault\u00bb text_orientation=\u00bbleft\u00bb global_colors_info=\u00bb{}\u00bb][et_pb_social_media_follow_network social_network=\u00bbfacebook\u00bb url=\u00bbhttps:\/\/www.facebook.com\/juntsxbescano\u00bb _builder_version=\u00bb4.18.0&#8243; _module_preset=\u00bbdefault\u00bb background_color=\u00bb#00c4b3&#8243; background_enable_color=\u00bbon\u00bb global_colors_info=\u00bb{}\u00bb follow_button=\u00bboff\u00bb url_new_window=\u00bbon\u00bb]facebook[\/et_pb_social_media_follow_network][et_pb_social_media_follow_network social_network=\u00bbtwitter\u00bb url=\u00bbhttps:\/\/twitter.com\/JuntsxBescano\u00bb _builder_version=\u00bb4.18.0&#8243; _module_preset=\u00bbdefault\u00bb background_color=\u00bb#00c4b3&#8243; background_enable_color=\u00bbon\u00bb global_colors_info=\u00bb{}\u00bb follow_button=\u00bboff\u00bb url_new_window=\u00bbon\u00bb]twitter[\/et_pb_social_media_follow_network][et_pb_social_media_follow_network social_network=\u00bbinstagram\u00bb url=\u00bbhttps:\/\/www.instagram.com\/juntsxbescano_\/\u00bb _builder_version=\u00bb4.21.0&#8243; _module_preset=\u00bbdefault\u00bb background_color=\u00bb#00c4b3&#8243; background_enable_color=\u00bbon\u00bb global_colors_info=\u00bb{}\u00bb follow_button=\u00bboff\u00bb url_new_window=\u00bbon\u00bb]instagram[\/et_pb_social_media_follow_network][\/et_pb_social_media_follow][\/et_pb_column][\/et_pb_row][et_pb_row _builder_version=\u00bb4.21.0&#8243; _module_preset=\u00bbdefault\u00bb][et_pb_column _builder_version=\u00bb4.21.0&#8243; _module_preset=\u00bbdefault\u00bb type=\u00bb4_4&#8243;][et_pb_code _builder_version=\u00bb4.21.0&#8243; _module_preset=\u00bbdefault\u00bb hover_enabled=\u00bb0&#8243; sticky_enabled=\u00bb0&#8243;]        <div\n            class=\"spotlight-instagram-feed\"\n            data-feed-var=\"42241a16\"\n            data-analytics=\"0\"\n            data-instance=\"398\"\n        >\n        <\/div>\n        <input type=\"hidden\" id=\"sli__f__42241a16\" data-json='{&quot;useCase&quot;:&quot;accounts&quot;,&quot;template&quot;:&quot;squircleGrid&quot;,&quot;layout&quot;:&quot;grid&quot;,&quot;numColumns&quot;:{&quot;desktop&quot;:4,&quot;tablet&quot;:3,&quot;phone&quot;:3},&quot;highlightFreq&quot;:{&quot;desktop&quot;:7},&quot;sliderNumScrollPosts&quot;:{&quot;desktop&quot;:1},&quot;sliderInfinite&quot;:true,&quot;sliderLoop&quot;:false,&quot;sliderArrowPos&quot;:{&quot;desktop&quot;:&quot;inside&quot;},&quot;sliderArrowSize&quot;:{&quot;desktop&quot;:20},&quot;sliderArrowColor&quot;:{&quot;r&quot;:255,&quot;b&quot;:255,&quot;g&quot;:255,&quot;a&quot;:1},&quot;sliderArrowBgColor&quot;:{&quot;r&quot;:0,&quot;b&quot;:0,&quot;g&quot;:0,&quot;a&quot;:0.8},&quot;sliderAutoScroll&quot;:false,&quot;sliderAutoInterval&quot;:3,&quot;postOrder&quot;:&quot;date_desc&quot;,&quot;numPosts&quot;:{&quot;desktop&quot;:16,&quot;tablet&quot;:9,&quot;phone&quot;:9},&quot;linkBehavior&quot;:{&quot;desktop&quot;:&quot;new_tab&quot;},&quot;feedWidth&quot;:{&quot;desktop&quot;:&quot;&quot;},&quot;feedHeight&quot;:{&quot;desktop&quot;:&quot;&quot;},&quot;feedPadding&quot;:{&quot;desktop&quot;:0,&quot;tablet&quot;:0,&quot;phone&quot;:0},&quot;imgPadding&quot;:{&quot;desktop&quot;:16,&quot;tablet&quot;:12,&quot;phone&quot;:8},&quot;textSize&quot;:{&quot;desktop&quot;:&quot;&quot;,&quot;tablet&quot;:&quot;&quot;,&quot;phone&quot;:&quot;&quot;},&quot;bgColor&quot;:{&quot;r&quot;:255,&quot;g&quot;:255,&quot;b&quot;:255,&quot;a&quot;:0},&quot;hoverInfo&quot;:[],&quot;textColorHover&quot;:{&quot;r&quot;:255,&quot;g&quot;:255,&quot;b&quot;:255,&quot;a&quot;:1},&quot;bgColorHover&quot;:{&quot;r&quot;:0,&quot;g&quot;:0,&quot;b&quot;:0,&quot;a&quot;:0},&quot;showHeader&quot;:{&quot;desktop&quot;:false},&quot;headerInfo&quot;:{&quot;desktop&quot;:[&quot;profile_pic&quot;,&quot;bio&quot;]},&quot;headerAccount&quot;:5,&quot;headerStyle&quot;:{&quot;desktop&quot;:&quot;normal&quot;,&quot;phone&quot;:&quot;centered&quot;},&quot;headerTextSize&quot;:{&quot;desktop&quot;:&quot;&quot;},&quot;headerPhotoSize&quot;:{&quot;desktop&quot;:50},&quot;headerTextColor&quot;:{&quot;r&quot;:0,&quot;g&quot;:0,&quot;b&quot;:0,&quot;a&quot;:1},&quot;headerBgColor&quot;:{&quot;r&quot;:255,&quot;g&quot;:255,&quot;b&quot;:255,&quot;a&quot;:1},&quot;headerPadding&quot;:{&quot;desktop&quot;:0},&quot;customProfilePic&quot;:0,&quot;customBioText&quot;:&quot;&quot;,&quot;includeStories&quot;:false,&quot;storiesInterval&quot;:5,&quot;showCaptions&quot;:{&quot;desktop&quot;:false},&quot;captionMaxLength&quot;:{&quot;desktop&quot;:0},&quot;captionRemoveDots&quot;:false,&quot;captionSize&quot;:{&quot;desktop&quot;:0},&quot;captionColor&quot;:{&quot;r&quot;:0,&quot;g&quot;:0,&quot;b&quot;:0,&quot;a&quot;:1},&quot;showLikes&quot;:{&quot;desktop&quot;:false},&quot;showComments&quot;:{&quot;desktop&quot;:false},&quot;lcIconSize&quot;:{&quot;desktop&quot;:14},&quot;likesIconColor&quot;:{&quot;r&quot;:0,&quot;g&quot;:0,&quot;b&quot;:0,&quot;a&quot;:1},&quot;commentsIconColor&quot;:{&quot;r&quot;:0,&quot;g&quot;:0,&quot;b&quot;:0,&quot;a&quot;:1},&quot;lightboxShowSidebar&quot;:false,&quot;lightboxCtaStyle&quot;:&quot;link&quot;,&quot;lightboxCtaDesign&quot;:{&quot;text&quot;:{&quot;color&quot;:{&quot;r&quot;:0,&quot;g&quot;:0,&quot;b&quot;:0,&quot;a&quot;:1},&quot;align&quot;:&quot;center&quot;},&quot;bgColor&quot;:{&quot;r&quot;:230,&quot;g&quot;:230,&quot;b&quot;:230,&quot;a&quot;:1},&quot;border&quot;:{&quot;radius&quot;:3}},&quot;numLightboxComments&quot;:50,&quot;showLoadMoreBtn&quot;:{&quot;desktop&quot;:false},&quot;loadMoreBtnDesign&quot;:{&quot;text&quot;:{&quot;color&quot;:{&quot;r&quot;:255,&quot;g&quot;:255,&quot;b&quot;:255,&quot;a&quot;:1},&quot;align&quot;:&quot;center&quot;},&quot;border&quot;:{&quot;radius&quot;:3},&quot;bgColor&quot;:{&quot;r&quot;:0,&quot;g&quot;:149,&quot;b&quot;:246,&quot;a&quot;:1},&quot;margin&quot;:{&quot;top&quot;:0,&quot;bottom&quot;:0,&quot;left&quot;:0,&quot;right&quot;:0}},&quot;loadMoreBtnText&quot;:&quot;Load more&quot;,&quot;loadMoreBtnScroll&quot;:true,&quot;autoload&quot;:false,&quot;showFollowBtn&quot;:{&quot;desktop&quot;:false,&quot;phone&quot;:false,&quot;tablet&quot;:false},&quot;followBtnText&quot;:&quot;Follow on Instagram&quot;,&quot;followBtnDesign&quot;:{&quot;text&quot;:{&quot;color&quot;:{&quot;r&quot;:255,&quot;g&quot;:255,&quot;b&quot;:255,&quot;a&quot;:1},&quot;align&quot;:&quot;center&quot;},&quot;border&quot;:{&quot;radius&quot;:3},&quot;bgColor&quot;:{&quot;r&quot;:0,&quot;g&quot;:149,&quot;b&quot;:246,&quot;a&quot;:1},&quot;margin&quot;:{&quot;top&quot;:0,&quot;bottom&quot;:0,&quot;left&quot;:0,&quot;right&quot;:0}},&quot;followBtnLocation&quot;:{&quot;desktop&quot;:&quot;header&quot;,&quot;phone&quot;:&quot;bottom&quot;},&quot;alignFooterButtons&quot;:{&quot;desktop&quot;:false},&quot;customCss&quot;:&quot;.FeedGridLayout__cell {\\n    border-radius: 16px;\\n    overflow: hidden;\\n    box-shadow: -4px 4px 4px 0 rgb(0 0 0 \\\/ 15%);\\n}&quot;,&quot;accounts&quot;:[586],&quot;tagged&quot;:[],&quot;hashtags&quot;:[],&quot;mediaType&quot;:&quot;all&quot;,&quot;hashtagWhitelist&quot;:[],&quot;hashtagBlacklist&quot;:[],&quot;captionWhitelist&quot;:[],&quot;captionBlacklist&quot;:[],&quot;hashtagWhitelistSettings&quot;:true,&quot;hashtagBlacklistSettings&quot;:true,&quot;captionWhitelistSettings&quot;:true,&quot;captionBlacklistSettings&quot;:true,&quot;moderation&quot;:[],&quot;moderationMode&quot;:&quot;blacklist&quot;,&quot;promosVersion&quot;:2,&quot;promosEnabled&quot;:true,&quot;globalPromosEnabled&quot;:true,&quot;autoPromosEnabled&quot;:true,&quot;promoOverrides&quot;:[],&quot;feedPromo&quot;:{&quot;linkSource&quot;:{&quot;type&quot;:null},&quot;linkBehavior&quot;:{&quot;openNewTab&quot;:false,&quot;showPopupBox&quot;:false},&quot;linkText&quot;:&quot;&quot;},&quot;gaCampaignSource&quot;:&quot;&quot;,&quot;gaCampaignMedium&quot;:&quot;&quot;,&quot;gaCampaignName&quot;:&quot;&quot;}' \/>\n        <input type=\"hidden\" id=\"sli__a__42241a16\" data-json='[{&quot;id&quot;:586,&quot;type&quot;:&quot;BUSINESS&quot;,&quot;userId&quot;:&quot;17841460650614280&quot;,&quot;username&quot;:&quot;juntsxbescano_&quot;,&quot;bio&quot;:&quot;Equip de treball de Junts per Bescan\\u00f3&quot;,&quot;customBio&quot;:&quot;&quot;,&quot;profilePicUrl&quot;:&quot;https:\\\/\\\/scontent-fra3-1.xx.fbcdn.net\\\/v\\\/t51.2885-15\\\/356590676_601415158646544_5309340436458952394_n.jpg?_nc_cat=101&amp;ccb=1-7&amp;_nc_sid=7d201b&amp;_nc_ohc=q6E1qk4lZ1wQ7kNvwH8ebXL&amp;_nc_oc=Admn5jTw_1rxFcsAwujuQz7TQLXxRI-YWSqbyd4yaLobZhHut0f-pz-aKrzzXohGFbk&amp;_nc_zt=23&amp;_nc_ht=scontent-fra3-1.xx&amp;edm=AL-3X8kEAAAA&amp;oh=00_AfqGcC0AbCJLtK0x9-vB1c7TLqBpSlrRj0MT_VdOKj0DyQ&amp;oe=6975C585&quot;,&quot;customProfilePicUrl&quot;:&quot;&quot;,&quot;mediaCount&quot;:&quot;53&quot;,&quot;followersCount&quot;:&quot;158&quot;,&quot;usages&quot;:[],&quot;creationDate&quot;:&quot;2023-10-03 16:35:28&quot;}]' \/>\n        <input type=\"hidden\" id=\"sli__m__42241a16\" data-json='[]' \/>\n        [\/et_pb_code][\/et_pb_column][\/et_pb_row][\/et_pb_section]<\/p>\n","protected":false},"excerpt":{"rendered":"<p>FEM POBLE, FEM-HO JUNTS!L&#8217;equip de Junts per Bescan\u00f3 ens agradar\u00eda poder con\u00e8ixer les teves propostes i inquietuds per incorporar-les al programa electoral que estem preparant amb la voluntat de millorar el nostre municipi. Teniu diferents formes per poder contactar i fer-nos arribar les propostes:Pots fer un caf\u00e8 amb la Nuri Badosa La pots trucar o [&hellip;]<\/p>\n","protected":false},"author":1,"featured_media":0,"parent":0,"menu_order":0,"comment_status":"closed","ping_status":"closed","template":"","meta":{"_et_pb_use_builder":"on","_et_pb_old_content":"<!-- wp:image {\"id\":396,\"sizeSlug\":\"large\",\"linkDestination\":\"none\"} -->\n<figure class=\"wp-block-image size-large\"><img src=\"http:\/\/juntsxbescano.cat\/wp-content\/uploads\/2023\/04\/591EC2E9-0EDC-4AAB-87D3-37518B16BCC4-3-1024x772.jpeg\" alt=\"\" class=\"wp-image-396\"\/><\/figure>\n<!-- \/wp:image -->","_et_gb_content_width":"","footnotes":""},"class_list":["post-398","page","type-page","status-publish","hentry"],"_links":{"self":[{"href":"https:\/\/juntsxbescano.cat\/index.php\/wp-json\/wp\/v2\/pages\/398","targetHints":{"allow":["GET"]}}],"collection":[{"href":"https:\/\/juntsxbescano.cat\/index.php\/wp-json\/wp\/v2\/pages"}],"about":[{"href":"https:\/\/juntsxbescano.cat\/index.php\/wp-json\/wp\/v2\/types\/page"}],"author":[{"embeddable":true,"href":"https:\/\/juntsxbescano.cat\/index.php\/wp-json\/wp\/v2\/users\/1"}],"replies":[{"embeddable":true,"href":"https:\/\/juntsxbescano.cat\/index.php\/wp-json\/wp\/v2\/comments?post=398"}],"version-history":[{"count":22,"href":"https:\/\/juntsxbescano.cat\/index.php\/wp-json\/wp\/v2\/pages\/398\/revisions"}],"predecessor-version":[{"id":599,"href":"https:\/\/juntsxbescano.cat\/index.php\/wp-json\/wp\/v2\/pages\/398\/revisions\/599"}],"wp:attachment":[{"href":"https:\/\/juntsxbescano.cat\/index.php\/wp-json\/wp\/v2\/media?parent=398"}],"curies":[{"name":"wp","href":"https:\/\/api.w.org\/{rel}","templated":true}]}}